{"id":5374,"date":"2024-07-31T11:31:22","date_gmt":"2024-07-31T09:31:22","guid":{"rendered":"https:\/\/www.celina-bodstangen-dressage.com\/?page_id=5374"},"modified":"2024-11-06T14:37:30","modified_gmt":"2024-11-06T13:37:30","slug":"anfragen","status":"publish","type":"page","link":"https:\/\/www.celinabodstangen.com\/en\/anfragen\/","title":{"rendered":"Request"},"content":{"rendered":"[et_pb_section fb_built=&#8220;1&#8243; _builder_version=&#8220;4.27.0&#8243; _module_preset=&#8220;default&#8220; use_background_color_gradient=&#8220;on&#8220; background_color_gradient_stops=&#8220;rgba(14,28,39,0.7) 0%|rgba(14,28,39,0.7) 100%&#8220; background_color_gradient_overlays_image=&#8220;on&#8220; background_image=&#8220;https:\/\/www.celinabodstangen.com\/wp-content\/uploads\/2024\/05\/Celina-Bodstangen-Dressage-DI7A0278.jpg&#8220; custom_padding=&#8220;100px||100px|||&#8220; global_colors_info=&#8220;{}&#8220;][et_pb_row _builder_version=&#8220;4.24.2&#8243; _module_preset=&#8220;default&#8220; custom_padding=&#8220;40px||40px|||&#8220; global_colors_info=&#8220;{}&#8220;][et_pb_column type=&#8220;4_4&#8243; _builder_version=&#8220;4.24.2&#8243; _module_preset=&#8220;default&#8220; global_colors_info=&#8220;{}&#8220;][et_pb_text _builder_version=&#8220;4.27.0&#8243; _module_preset=&#8220;default&#8220; text_font=&#8220;EB Garamond||||||||&#8220; text_text_color=&#8220;#FFFFFF&#8220; text_font_size=&#8220;65px&#8220; custom_margin=&#8220;20px||40px||false|false&#8220; custom_margin_tablet=&#8220;10px||10px||false|false&#8220; custom_margin_phone=&#8220;9px||12px||false|false&#8220; custom_margin_last_edited=&#8220;on|phone&#8220; text_font_size_tablet=&#8220;55px&#8220; text_font_size_phone=&#8220;50px&#8220; text_font_size_last_edited=&#8220;on|phone&#8220; global_colors_info=&#8220;{}&#8220;]<p style=\"text-align: center;\">Request<\/p>[\/et_pb_text][\/et_pb_column][\/et_pb_row][\/et_pb_section][et_pb_section fb_built=&#8220;1&#8243; _builder_version=&#8220;4.24.2&#8243; _module_preset=&#8220;default&#8220; custom_padding=&#8220;||70px|||&#8220; global_colors_info=&#8220;{}&#8220;][et_pb_row column_structure=&#8220;1_2,1_2&#8243; _builder_version=&#8220;4.27.0&#8243; _module_preset=&#8220;default&#8220; width=&#8220;85%&#8220; max_width=&#8220;none&#8220; custom_padding=&#8220;12px||0px|||&#8220; global_colors_info=&#8220;{}&#8220;][et_pb_column type=&#8220;1_2&#8243; _builder_version=&#8220;4.24.2&#8243; _module_preset=&#8220;default&#8220; background_color=&#8220;#FFFFFF&#8220; box_shadow_style=&#8220;preset3&#8243; box_shadow_spread=&#8220;-11px&#8220; box_shadow_color=&#8220;rgba(0,0,0,0.14)&#8220; global_colors_info=&#8220;{}&#8220;][et_pb_image src=&#8220;https:\/\/www.celinabodstangen.com\/wp-content\/uploads\/2024\/07\/Deutsche-Fahne.png&#8220; title_text=&#8220;Deutsche-Fahne&#8220; _builder_version=&#8220;4.27.0&#8243; _module_preset=&#8220;default&#8220; width=&#8220;10%&#8220; width_tablet=&#8220;11%&#8220; width_phone=&#8220;15%&#8220; width_last_edited=&#8220;on|phone&#8220; module_alignment=&#8220;center&#8220; custom_margin=&#8220;50px||||false|false&#8220; global_colors_info=&#8220;{}&#8220;][\/et_pb_image][et_pb_text _builder_version=&#8220;4.27.0&#8243; _module_preset=&#8220;default&#8220; text_font=&#8220;EB Garamond||||||||&#8220; text_text_color=&#8220;#042549&#8243; text_font_size=&#8220;25px&#8220; custom_margin=&#8220;35px||21px|||&#8220; custom_padding=&#8220;|20px||20px|false|false&#8220; global_colors_info=&#8220;{}&#8220;]<p style=\"text-align: center;\">Zum deutschen Formular<\/p>[\/et_pb_text][et_pb_text _builder_version=&#8220;4.27.0&#8243; _module_preset=&#8220;default&#8220; text_font=&#8220;Montserrat|300|||||||&#8220; text_text_color=&#8220;#042549&#8243; width=&#8220;80%&#8220; module_alignment=&#8220;center&#8220; custom_margin=&#8220;||40px|||&#8220; custom_padding=&#8220;|20px||20px|false|false&#8220; global_colors_info=&#8220;{}&#8220;]<p style=\"text-align: center;\">F\u00fclle bitte dieses kurze Formular aus. Ich werde mich anschlie\u00dfend schnellstm\u00f6glich bei dir melden.<\/p>[\/et_pb_text][et_pb_button button_url=&#8220;\/anfrage\/&#8220; button_text=&#8220;Formular ausf\u00fcllen&#8220; button_alignment=&#8220;center&#8220; _builder_version=&#8220;4.27.2&#8243; _module_preset=&#8220;default&#8220; custom_button=&#8220;on&#8220; button_text_size=&#8220;16px&#8220; button_text_color=&#8220;#FFFFFF&#8220; button_bg_color=&#8220;#042549&#8243; button_border_width=&#8220;0px&#8220; button_border_radius=&#8220;0px&#8220; button_font=&#8220;Montserrat|600||on|||||&#8220; custom_margin=&#8220;-8px||50px||false|false&#8220; custom_padding=&#8220;|30px||30px|false|false&#8220; hover_enabled=&#8220;0&#8243; global_colors_info=&#8220;{}&#8220; sticky_enabled=&#8220;0&#8243;][\/et_pb_button][\/et_pb_column][et_pb_column type=&#8220;1_2&#8243; _builder_version=&#8220;4.24.2&#8243; _module_preset=&#8220;default&#8220; background_color=&#8220;#FFFFFF&#8220; box_shadow_style=&#8220;preset3&#8243; box_shadow_spread=&#8220;-11px&#8220; box_shadow_color=&#8220;rgba(0,0,0,0.14)&#8220; global_colors_info=&#8220;{}&#8220;][et_pb_image src=&#8220;https:\/\/www.celinabodstangen.com\/wp-content\/uploads\/2024\/07\/Englische-Fahne.png&#8220; title_text=&#8220;Englische-Fahne&#8220; _builder_version=&#8220;4.27.0&#8243; _module_preset=&#8220;default&#8220; width=&#8220;10%&#8220; width_tablet=&#8220;11%&#8220; width_phone=&#8220;15%&#8220; width_last_edited=&#8220;on|phone&#8220; module_alignment=&#8220;center&#8220; custom_margin=&#8220;50px||||false|false&#8220; global_colors_info=&#8220;{}&#8220;][\/et_pb_image][et_pb_text _builder_version=&#8220;4.27.0&#8243; _module_preset=&#8220;default&#8220; text_font=&#8220;EB Garamond||||||||&#8220; text_text_color=&#8220;#042549&#8243; text_font_size=&#8220;25px&#8220; custom_margin=&#8220;35px||21px|||&#8220; custom_padding=&#8220;|20px||20px|false|false&#8220; global_colors_info=&#8220;{}&#8220;]<p style=\"text-align: center;\">To the english form<\/p>[\/et_pb_text][et_pb_text _builder_version=&#8220;4.27.0&#8243; _module_preset=&#8220;default&#8220; text_font=&#8220;Montserrat|300|||||||&#8220; text_text_color=&#8220;#042549&#8243; width=&#8220;80%&#8220; module_alignment=&#8220;center&#8220; custom_margin=&#8220;||40px|||&#8220; custom_padding=&#8220;|20px|0px|20px|false|false&#8220; global_colors_info=&#8220;{}&#8220;]<p style=\"text-align: center;\">Please fill out this short form. I will get in touch with you as soon as possible.<\/p>[\/et_pb_text][et_pb_button button_url=&#8220;\/request\/&#8220; button_text=&#8220;Fill out the form&#8220; button_alignment=&#8220;center&#8220; _builder_version=&#8220;4.27.2&#8243; _module_preset=&#8220;default&#8220; custom_button=&#8220;on&#8220; button_text_size=&#8220;16px&#8220; button_text_color=&#8220;#FFFFFF&#8220; button_bg_color=&#8220;#042549&#8243; button_border_width=&#8220;0px&#8220; button_border_radius=&#8220;0px&#8220; button_font=&#8220;Montserrat|600||on|||||&#8220; custom_margin=&#8220;40px||50px||false|false&#8220; custom_padding=&#8220;|30px||30px|false|false&#8220; hover_enabled=&#8220;0&#8243; global_colors_info=&#8220;{}&#8220; sticky_enabled=&#8220;0&#8243;][\/et_pb_button][\/et_pb_column][\/et_pb_row][\/et_pb_section][et_pb_section fb_built=&#8220;1&#8243; custom_padding_last_edited=&#8220;on|tablet&#8220; _builder_version=&#8220;4.27.0&#8243; _module_preset=&#8220;default&#8220; custom_padding=&#8220;0px||70px|||&#8220; custom_padding_tablet=&#8220;0px||70px||false|false&#8220; custom_padding_phone=&#8220;0px||||false|false&#8220; global_colors_info=&#8220;{}&#8220;][et_pb_row _builder_version=&#8220;4.27.0&#8243; _module_preset=&#8220;default&#8220; width=&#8220;30%&#8220; custom_margin=&#8220;|auto|-8px|auto||&#8220; custom_padding=&#8220;9px||6px|||&#8220; global_colors_info=&#8220;{}&#8220;][et_pb_column type=&#8220;4_4&#8243; _builder_version=&#8220;4.27.0&#8243; _module_preset=&#8220;default&#8220; global_colors_info=&#8220;{}&#8220;][et_pb_image src=&#8220;https:\/\/www.celinabodstangen.com\/wp-content\/uploads\/2024\/05\/icon-55.svg&#8220; title_text=&#8220;icon-55&#8243; _builder_version=&#8220;4.27.0&#8243; _module_preset=&#8220;default&#8220; transform_rotate=&#8220;0deg|180deg|0deg&#8220; width=&#8220;8%&#8220; width_tablet=&#8220;20%&#8220; width_phone=&#8220;25%&#8220; width_last_edited=&#8220;on|phone&#8220; module_alignment=&#8220;right&#8220; global_colors_info=&#8220;{}&#8220;][\/et_pb_image][\/et_pb_column][\/et_pb_row][et_pb_row _builder_version=&#8220;4.24.2&#8243; _module_preset=&#8220;default&#8220; custom_margin=&#8220;|auto|-4px|auto||&#8220; custom_padding=&#8220;0px||14px|||&#8220; global_colors_info=&#8220;{}&#8220;][et_pb_column type=&#8220;4_4&#8243; _builder_version=&#8220;4.24.2&#8243; _module_preset=&#8220;default&#8220; global_colors_info=&#8220;{}&#8220;][et_pb_text _builder_version=&#8220;4.24.2&#8243; _module_preset=&#8220;default&#8220; text_font=&#8220;Montserrat||||||||&#8220; text_text_color=&#8220;#042549&#8243; text_font_size=&#8220;18px&#8220; text_line_height=&#8220;1.3em&#8220; custom_margin=&#8220;7px||||false|true&#8220; custom_margin_tablet=&#8220;25px|50px||50px|false|true&#8220; custom_margin_phone=&#8220;25px|20px||20px|false|true&#8220; custom_margin_last_edited=&#8220;off|desktop&#8220; custom_padding=&#8220;||||false|false&#8220; global_colors_info=&#8220;{}&#8220;]<p style=\"text-align: center;\">I\u2019d love to get to know you and your horse.<\/p>[\/et_pb_text][\/et_pb_column][\/et_pb_row][\/et_pb_section]","protected":false},"excerpt":{"rendered":"<p>AnfragenZum deutschen FormularF\u00fclle bitte dieses kurze Formular aus. Ich werde mich anschlie\u00dfend schnellstm\u00f6glich bei dir melden.To the english formPlease fill out this short form. I will get in touch with [&hellip;]<\/p>","protected":false},"author":1,"featured_media":0,"parent":0,"menu_order":0,"comment_status":"closed","ping_status":"closed","template":"","meta":{"_et_pb_use_builder":"on","_et_pb_old_content":"","_et_gb_content_width":"","_price":"","_stock":"","_tribe_ticket_header":"","_tribe_default_ticket_provider":"","_ticket_start_date":"","_ticket_end_date":"","_tribe_ticket_show_description":"","_tribe_ticket_show_not_going":false,"_tribe_ticket_use_global_stock":"","_tribe_ticket_global_stock_level":"","_global_stock_mode":"","_global_stock_cap":"","_tribe_rsvp_for_event":"","_tribe_ticket_going_count":"","_tribe_ticket_not_going_count":"","_tribe_tickets_list":"[]","_tribe_ticket_has_attendee_info_fields":false,"footnotes":"","_tec_slr_enabled":"","_tec_slr_layout":""},"class_list":["post-5374","page","type-page","status-publish","hentry"],"yoast_head":"<!-- This site is optimized with the Yoast SEO plugin v26.6 - https:\/\/yoast.com\/wordpress\/plugins\/seo\/ -->\n<title>Anfragen - Celina Bodstangen Dressage<\/title>\n<meta name=\"robots\" content=\"index, follow, max-snippet:-1, max-image-preview:large, max-video-preview:-1\" \/>\n<link rel=\"canonical\" href=\"https:\/\/www.celinabodstangen.com\/en\/anfragen\/\" \/>\n<meta property=\"og:locale\" content=\"en_US\" \/>\n<meta property=\"og:type\" content=\"article\" \/>\n<meta property=\"og:title\" content=\"Anfragen - Celina Bodstangen Dressage\" \/>\n<meta property=\"og:description\" content=\"AnfragenZum deutschen FormularF\u00fclle bitte dieses kurze Formular aus. Ich werde mich anschlie\u00dfend schnellstm\u00f6glich bei dir melden.To the english formPlease fill out this short form. I will get in touch with [&hellip;]\" \/>\n<meta property=\"og:url\" content=\"https:\/\/www.celinabodstangen.com\/en\/anfragen\/\" \/>\n<meta property=\"og:site_name\" content=\"Celina Bodstangen Dressage\" \/>\n<meta property=\"article:modified_time\" content=\"2024-11-06T13:37:30+00:00\" \/>\n<meta property=\"og:image\" content=\"https:\/\/www.celinabodstangen.com\/wp-content\/uploads\/2024\/11\/Celina-Bodstangen-Linkbild.jpg\" \/>\n\t<meta property=\"og:image:width\" content=\"1920\" \/>\n\t<meta property=\"og:image:height\" content=\"1080\" \/>\n\t<meta property=\"og:image:type\" content=\"image\/jpeg\" \/>\n<meta name=\"twitter:card\" content=\"summary_large_image\" \/>\n<meta name=\"twitter:label1\" content=\"Est. reading time\" \/>\n\t<meta name=\"twitter:data1\" content=\"1 minute\" \/>\n<script type=\"application\/ld+json\" class=\"yoast-schema-graph\">{\"@context\":\"https:\/\/schema.org\",\"@graph\":[{\"@type\":\"WebPage\",\"@id\":\"https:\/\/www.celinabodstangen.com\/anfragen\/\",\"url\":\"https:\/\/www.celinabodstangen.com\/anfragen\/\",\"name\":\"Anfragen - Celina Bodstangen Dressage\",\"isPartOf\":{\"@id\":\"https:\/\/www.celinabodstangen.com\/#website\"},\"datePublished\":\"2024-07-31T09:31:22+00:00\",\"dateModified\":\"2024-11-06T13:37:30+00:00\",\"breadcrumb\":{\"@id\":\"https:\/\/www.celinabodstangen.com\/anfragen\/#breadcrumb\"},\"inLanguage\":\"en-US\",\"potentialAction\":[{\"@type\":\"ReadAction\",\"target\":[\"https:\/\/www.celinabodstangen.com\/anfragen\/\"]}]},{\"@type\":\"BreadcrumbList\",\"@id\":\"https:\/\/www.celinabodstangen.com\/anfragen\/#breadcrumb\",\"itemListElement\":[{\"@type\":\"ListItem\",\"position\":1,\"name\":\"Startseite\",\"item\":\"https:\/\/www.celinabodstangen.com\/\"},{\"@type\":\"ListItem\",\"position\":2,\"name\":\"Anfragen\"}]},{\"@type\":\"WebSite\",\"@id\":\"https:\/\/www.celinabodstangen.com\/#website\",\"url\":\"https:\/\/www.celinabodstangen.com\/\",\"name\":\"Celina Bodstangen Dressage\",\"description\":\"Dressurreiterin: Beritt, Reitunterricht (online &amp; vor Ort) bei M\u00fcnchen\",\"publisher\":{\"@id\":\"https:\/\/www.celinabodstangen.com\/#\/schema\/person\/dbcdafaec2215a51004b995c233cf3fe\"},\"potentialAction\":[{\"@type\":\"SearchAction\",\"target\":{\"@type\":\"EntryPoint\",\"urlTemplate\":\"https:\/\/www.celinabodstangen.com\/?s={search_term_string}\"},\"query-input\":{\"@type\":\"PropertyValueSpecification\",\"valueRequired\":true,\"valueName\":\"search_term_string\"}}],\"inLanguage\":\"en-US\"},{\"@type\":[\"Person\",\"Organization\"],\"@id\":\"https:\/\/www.celinabodstangen.com\/#\/schema\/person\/dbcdafaec2215a51004b995c233cf3fe\",\"name\":\"Celina B\u00e5dstangen\",\"image\":{\"@type\":\"ImageObject\",\"inLanguage\":\"en-US\",\"@id\":\"https:\/\/www.celinabodstangen.com\/#\/schema\/person\/image\/\",\"url\":\"https:\/\/www.celinabodstangen.com\/wp-content\/uploads\/2025\/01\/CB-Dressage_Logo-V1_DARKBLUE.png\",\"contentUrl\":\"https:\/\/www.celinabodstangen.com\/wp-content\/uploads\/2025\/01\/CB-Dressage_Logo-V1_DARKBLUE.png\",\"width\":1705,\"height\":1705,\"caption\":\"Celina B\u00e5dstangen\"},\"logo\":{\"@id\":\"https:\/\/www.celinabodstangen.com\/#\/schema\/person\/image\/\"},\"description\":\"Celina B\u00e5dstangen is a dressage rider, trainer, breeder and is based in Munich, Germany. The Norwegian and German rider has already achieved several international victories up to the Grand Prix level, participated in two European Championships, and earned an 11th place in the freestyle final of the U25 European Championships in 2024. From 2021 to 2024 Celina was trained by Olympic champion Jessica von Bredow-Werndl and World Championship Rider Benjamin Werndl. In addition, she has supported Aubenhausen and Gest\u00fct Grafing as an independent rider and since 2021 she has accompanied several students up to the advanced level and in the training of their horses up to young horse World Championship sightings.\",\"sameAs\":[\"https:\/\/www.celinabodstangen.com\",\"https:\/\/www.instagram.com\/celinabodstangen\/\"]}]}<\/script>\n<!-- \/ Yoast SEO plugin. -->","yoast_head_json":{"title":"Anfragen - Celina Bodstangen Dressage","robots":{"index":"index","follow":"follow","max-snippet":"max-snippet:-1","max-image-preview":"max-image-preview:large","max-video-preview":"max-video-preview:-1"},"canonical":"https:\/\/www.celinabodstangen.com\/en\/anfragen\/","og_locale":"en_US","og_type":"article","og_title":"Anfragen - Celina Bodstangen Dressage","og_description":"AnfragenZum deutschen FormularF\u00fclle bitte dieses kurze Formular aus. Ich werde mich anschlie\u00dfend schnellstm\u00f6glich bei dir melden.To the english formPlease fill out this short form. I will get in touch with [&hellip;]","og_url":"https:\/\/www.celinabodstangen.com\/en\/anfragen\/","og_site_name":"Celina Bodstangen Dressage","article_modified_time":"2024-11-06T13:37:30+00:00","og_image":[{"width":1920,"height":1080,"url":"https:\/\/www.celinabodstangen.com\/wp-content\/uploads\/2024\/11\/Celina-Bodstangen-Linkbild.jpg","type":"image\/jpeg"}],"twitter_card":"summary_large_image","twitter_misc":{"Est. reading time":"1 minute"},"schema":{"@context":"https:\/\/schema.org","@graph":[{"@type":"WebPage","@id":"https:\/\/www.celinabodstangen.com\/anfragen\/","url":"https:\/\/www.celinabodstangen.com\/anfragen\/","name":"Anfragen - Celina Bodstangen Dressage","isPartOf":{"@id":"https:\/\/www.celinabodstangen.com\/#website"},"datePublished":"2024-07-31T09:31:22+00:00","dateModified":"2024-11-06T13:37:30+00:00","breadcrumb":{"@id":"https:\/\/www.celinabodstangen.com\/anfragen\/#breadcrumb"},"inLanguage":"en-US","potentialAction":[{"@type":"ReadAction","target":["https:\/\/www.celinabodstangen.com\/anfragen\/"]}]},{"@type":"BreadcrumbList","@id":"https:\/\/www.celinabodstangen.com\/anfragen\/#breadcrumb","itemListElement":[{"@type":"ListItem","position":1,"name":"Startseite","item":"https:\/\/www.celinabodstangen.com\/"},{"@type":"ListItem","position":2,"name":"Anfragen"}]},{"@type":"WebSite","@id":"https:\/\/www.celinabodstangen.com\/#website","url":"https:\/\/www.celinabodstangen.com\/","name":"Celina Bodstangen Dressage","description":"Dressurreiterin: Beritt, Reitunterricht (online &amp; vor Ort) bei M\u00fcnchen","publisher":{"@id":"https:\/\/www.celinabodstangen.com\/#\/schema\/person\/dbcdafaec2215a51004b995c233cf3fe"},"potentialAction":[{"@type":"SearchAction","target":{"@type":"EntryPoint","urlTemplate":"https:\/\/www.celinabodstangen.com\/?s={search_term_string}"},"query-input":{"@type":"PropertyValueSpecification","valueRequired":true,"valueName":"search_term_string"}}],"inLanguage":"en-US"},{"@type":["Person","Organization"],"@id":"https:\/\/www.celinabodstangen.com\/#\/schema\/person\/dbcdafaec2215a51004b995c233cf3fe","name":"Celina B\u00e5dstangen","image":{"@type":"ImageObject","inLanguage":"en-US","@id":"https:\/\/www.celinabodstangen.com\/#\/schema\/person\/image\/","url":"https:\/\/www.celinabodstangen.com\/wp-content\/uploads\/2025\/01\/CB-Dressage_Logo-V1_DARKBLUE.png","contentUrl":"https:\/\/www.celinabodstangen.com\/wp-content\/uploads\/2025\/01\/CB-Dressage_Logo-V1_DARKBLUE.png","width":1705,"height":1705,"caption":"Celina B\u00e5dstangen"},"logo":{"@id":"https:\/\/www.celinabodstangen.com\/#\/schema\/person\/image\/"},"description":"Celina B\u00e5dstangen is a dressage rider, trainer, breeder and is based in Munich, Germany. The Norwegian and German rider has already achieved several international victories up to the Grand Prix level, participated in two European Championships, and earned an 11th place in the freestyle final of the U25 European Championships in 2024. From 2021 to 2024 Celina was trained by Olympic champion Jessica von Bredow-Werndl and World Championship Rider Benjamin Werndl. In addition, she has supported Aubenhausen and Gest\u00fct Grafing as an independent rider and since 2021 she has accompanied several students up to the advanced level and in the training of their horses up to young horse World Championship sightings.","sameAs":["https:\/\/www.celinabodstangen.com","https:\/\/www.instagram.com\/celinabodstangen\/"]}]}},"ticketed":false,"_links":{"self":[{"href":"https:\/\/www.celinabodstangen.com\/en\/wp-json\/wp\/v2\/pages\/5374","targetHints":{"allow":["GET"]}}],"collection":[{"href":"https:\/\/www.celinabodstangen.com\/en\/wp-json\/wp\/v2\/pages"}],"about":[{"href":"https:\/\/www.celinabodstangen.com\/en\/wp-json\/wp\/v2\/types\/page"}],"author":[{"embeddable":true,"href":"https:\/\/www.celinabodstangen.com\/en\/wp-json\/wp\/v2\/users\/1"}],"replies":[{"embeddable":true,"href":"https:\/\/www.celinabodstangen.com\/en\/wp-json\/wp\/v2\/comments?post=5374"}],"version-history":[{"count":10,"href":"https:\/\/www.celinabodstangen.com\/en\/wp-json\/wp\/v2\/pages\/5374\/revisions"}],"predecessor-version":[{"id":7218,"href":"https:\/\/www.celinabodstangen.com\/en\/wp-json\/wp\/v2\/pages\/5374\/revisions\/7218"}],"wp:attachment":[{"href":"https:\/\/www.celinabodstangen.com\/en\/wp-json\/wp\/v2\/media?parent=5374"}],"curies":[{"name":"wp","href":"https:\/\/api.w.org\/{rel}","templated":true}]}}