{"id":7334,"date":"2024-12-16T15:55:09","date_gmt":"2024-12-16T14:55:09","guid":{"rendered":"https:\/\/www.celinabodstangen.com\/?page_id=7334"},"modified":"2024-12-21T13:04:34","modified_gmt":"2024-12-21T12:04:34","slug":"agb","status":"publish","type":"page","link":"https:\/\/www.celinabodstangen.com\/en\/agb\/","title":{"rendered":"T&amp;Cs"},"content":{"rendered":"<p>[et_pb_section fb_built=&#8220;1&#8243; _builder_version=&#8220;4.24.2&#8243; _module_preset=&#8220;default&#8220; custom_padding=&#8220;||70px|||&#8220; global_colors_info=&#8220;{}&#8220;][et_pb_row _builder_version=&#8220;4.24.2&#8243; _module_preset=&#8220;default&#8220; custom_padding=&#8220;0px||0px|||&#8220; global_colors_info=&#8220;{}&#8220;][et_pb_column type=&#8220;4_4&#8243; _builder_version=&#8220;4.24.2&#8243; _module_preset=&#8220;default&#8220; global_colors_info=&#8220;{}&#8220;][et_pb_text _builder_version=&#8220;4.27.0&#8243; _module_preset=&#8220;default&#8220; text_font=&#8220;EB Garamond||||||||&#8220; text_text_color=&#8220;#042549&#8243; text_font_size=&#8220;45px&#8220; text_line_height=&#8220;1.3em&#8220; custom_margin=&#8220;20px||||false|false&#8220; custom_margin_tablet=&#8220;50px|50px||50px|false|false&#8220; custom_margin_phone=&#8220;50px|20px||20px|false|true&#8220; custom_margin_last_edited=&#8220;off|desktop&#8220; text_font_size_tablet=&#8220;45px&#8220; text_font_size_phone=&#8220;35px&#8220; text_font_size_last_edited=&#8220;on|phone&#8220; global_colors_info=&#8220;{}&#8220;]<\/p>\n<p style=\"text-align: left;\">T&amp;Cs<\/p>\n<p>[\/et_pb_text][et_pb_text _builder_version=&#8220;4.27.2&#8243; _module_preset=&#8220;default&#8220; text_font=&#8220;Montserrat||||||||&#8220; text_text_color=&#8220;#042549&#8243; text_font_size=&#8220;18px&#8220; text_line_height=&#8220;1.3em&#8220; custom_margin=&#8220;25px||||false|true&#8220; custom_margin_tablet=&#8220;25px|50px||50px|false|true&#8220; custom_margin_phone=&#8220;25px|20px||20px|false|true&#8220; custom_margin_last_edited=&#8220;off|desktop&#8220; custom_padding=&#8220;||||false|false&#8220; global_colors_info=&#8220;{}&#8220;]<\/p>\n<p style=\"text-align: left;\">General terms and conditions<\/p>\n<p>[\/et_pb_text][et_pb_text _builder_version=&#8220;4.27.2&#8243; _module_preset=&#8220;default&#8220; text_font=&#8220;Montserrat|300|||||||&#8220; text_text_color=&#8220;#042549&#8243; text_line_height=&#8220;1.9em&#8220; width=&#8220;100%&#8220; width_tablet=&#8220;98%&#8220; width_phone=&#8220;100%&#8220; width_last_edited=&#8220;off|desktop&#8220; module_alignment=&#8220;center&#8220; custom_margin=&#8220;20px|50px|2px|50px|false|true&#8220; custom_margin_tablet=&#8220;20px|50px|20px|50px|false|true&#8220; custom_margin_phone=&#8220;20px|20px|20px|20px|false|true&#8220; custom_margin_last_edited=&#8220;on|phone&#8220; custom_padding=&#8220;||||false|false&#8220; global_colors_info=&#8220;{}&#8220;]<\/p>\n<p style=\"text-align: left;\"><strong>1. Scope of Application<\/strong><br \/>These Terms and Conditions (T&amp;Cs) apply to all contracts between Celina B\u00e5dstangen (hereinafter \"Provider\") and customers (hereinafter \"Customer\") who book services related to horse training, riding lessons, and organized courses through the Provider's online shop.<\/p>\n<p><strong>2. Provider<\/strong><br \/>Celina B\u00e5dstangen<br \/>Moosstr. 1<br \/>85241 Ampermoching<br \/>Germany<br \/>E-Mail: <a href=\"mailto:contact@celinabodstangen.com\">contact@celinabodstangen.com<\/a><br \/>Mobile: +49 151 18147212<br \/>www.celinabodstangen.com<\/p>\n<p><strong>3. Description of Services<\/strong><br \/>The Provider offers on-site and online riding lessons as well as horse training. Organized courses are also available. The specific offers and descriptions can be viewed on the Provider\u2019s website.<\/p>\n<p><strong>4. Contracting Parties<\/strong><br \/>Contracts are generally concluded with end consumers, but businesses may also be contracting parties. In the case of minors, the consent of a legal guardian is required to enter into a contract.<\/p>\n<p><strong>5. Order Process and Conclusion of Contract<\/strong><br \/>A contract is concluded when the Customer makes a booking via the Provider's online shop and the service is accepted upon full payment of the service and confirmation of the order by the Provider. Reservations are only binding once payment has been made in full.<\/p>\n<p><strong>6. Payment Terms<\/strong><br \/>Payment for the booked service is made exclusively via Stripe (including PayPal, credit card, Apple Pay). Payment is due immediately after the order is placed. No discounts are offered.<\/p>\n<p><strong>7. Delivery and Performance of Services<\/strong><br \/>The booking confirmation will be sent via email. The booked lessons or courses will take place at the agreed location and time as indicated in the online shop.<\/p>\n<p><strong>8. No Right of Withdrawal<\/strong><br \/>Since our services are provided on a fixed date, the statutory right of withdrawal according to \u00a7 312g (2) No. 9 of the German Civil Code (BGB) does not apply once the booking is completed.<\/p>\n<p><strong>9. Cancellation Policy for Courses<\/strong><br \/>Cancellations are possible up to 14 days before the booked date. In this case, we charge a cancellation fee of 50% of the booking amount. No refund will be given for cancellations made within 14 days of the scheduled date or for no-shows.<\/p>\n<p><strong>10. Cancellation Policy for Online Lessons<\/strong><br \/>Cancellation up to 48 hours before the appointment: Cancellations are free of charge up to 48 hours before the booked date. No cancellation fee will be charged in this case.<br \/>Cancellation within 24 to 48 hours before the appointment: A cancellation fee of 50% of the booking amount will apply for cancellations made within 24 to 48 hours before the scheduled time.<br \/>Cancellation within 24 hours before the appointment or no-show: No refund of the booking amount will be provided for cancellations made within 24 hours of the scheduled time or for no-shows.<\/p>\n<p><strong>11. Goodwill Policy<\/strong><br \/>If the Customer is unable to attend a booked service, we will make efforts to find a fair solution. In individual cases, a voucher for a future event may be offered as a gesture of goodwill. However, there is no entitlement to a voucher.<\/p>\n<p><strong>12. Cancellation by the Provider<\/strong><br \/>If a booked lesson or course is canceled due to reasons for which the Provider is responsible (e.g., illness of the Provider, unforeseen events), the Customer will be offered either an alternative date or a voucher for future events. No cash reimbursement or full refund of the booking amount will be provided.\nThe voucher is valid for 12 months from the date of issue and can be redeemed for any services offered by the Provider.<br \/>Der Gutschein ist 12 Monate nach Ausstellung g\u00fcltig und kann f\u00fcr alle angebotenen Leistungen der Anbieterin eingel\u00f6st werden.<\/p>\n<p><strong>13. Liability<\/strong><br \/>The Provider\u2019s liability for damages caused by simple negligence is limited to the legally permissible minimum. The Provider does not guarantee the services provided. Liability for damages caused by the Customer\u2019s or third parties' actions is excluded.<\/p>\n<p><strong>14. Data Protection<\/strong><br \/>The Provider collects, stores, and processes Customer data in accordance with its <span style=\"text-decoration: underline;\"><a href=\"\/en\/datenschutzerklaerung\/\">Privacy Policy<\/a><\/span> , which can be viewed on the website. The Provider is committed to complying with all legal provisions concerning data protection.<\/p>\n<p><strong>15. Changes to the Terms and Conditions<\/strong><br \/>The Provider reserves the right to change these T&amp;Cs at any time. Changes will be communicated to the Customer in a timely manner. The amended T&amp;Cs will be considered accepted if the Customer does not object within 14 days of being notified of the change.<\/p>\n<p><strong>16. Invalidity of Clauses<\/strong><br \/>If any provision of these T&amp;Cs is invalid or unenforceable, the validity of the remaining provisions shall remain unaffected. In such a case, the invalid provision will be replaced by a provision that most closely reflects the economic purpose of the invalid provision.<\/p>\n<p><strong>17. Jurisdiction and Applicable Law<\/strong><br \/>For all disputes arising from or in connection with the contract, the laws of the Federal Republic of Germany shall apply. The place of jurisdiction is Munich, Germany, if the Customer is a merchant or has no general place of jurisdiction in Germany.<\/p>\n<p>&nbsp;<\/p>\n<p>[\/et_pb_text][\/et_pb_column][\/et_pb_row][\/et_pb_section]<\/p>","protected":false},"excerpt":{"rendered":"<p>AGBAllgemeine Gesch\u00e4ftsbedingungen1. GeltungsbereichDiese Allgemeinen Gesch\u00e4ftsbedingungen (AGB) gelten f\u00fcr alle Vertr\u00e4ge zwischen Celina B\u00e5dstangen (nachfolgend \u201eAnbieterin\u201c) und den Kundinnen und Kunden (nachfolgend \u201eKunde\u201c), die \u00fcber den Online-Shop der Anbieterin Dienstleistungen im [&hellip;]<\/p>","protected":false},"author":1,"featured_media":0,"parent":0,"menu_order":0,"comment_status":"closed","ping_status":"closed","template":"","meta":{"_et_pb_use_builder":"on","_et_pb_old_content":"","_et_gb_content_width":"","_price":"","_stock":"","_tribe_ticket_header":"","_tribe_default_ticket_provider":"","_ticket_start_date":"","_ticket_end_date":"","_tribe_ticket_show_description":"","_tribe_ticket_show_not_going":false,"_tribe_ticket_use_global_stock":"","_tribe_ticket_global_stock_level":"","_global_stock_mode":"","_global_stock_cap":"","_tribe_rsvp_for_event":"","_tribe_ticket_going_count":"","_tribe_ticket_not_going_count":"","_tribe_tickets_list":"[]","_tribe_ticket_has_attendee_info_fields":false,"footnotes":"","_tec_slr_enabled":"","_tec_slr_layout":""},"class_list":["post-7334","page","type-page","status-publish","hentry"],"yoast_head":"<!-- This site is optimized with the Yoast SEO plugin v26.6 - https:\/\/yoast.com\/wordpress\/plugins\/seo\/ -->\n<title>AGB - Celina Bodstangen Dressage<\/title>\n<meta name=\"robots\" content=\"index, follow, max-snippet:-1, max-image-preview:large, max-video-preview:-1\" \/>\n<link rel=\"canonical\" href=\"https:\/\/www.celinabodstangen.com\/en\/agb\/\" \/>\n<meta property=\"og:locale\" content=\"en_US\" \/>\n<meta property=\"og:type\" content=\"article\" \/>\n<meta property=\"og:title\" content=\"AGB - Celina Bodstangen Dressage\" \/>\n<meta property=\"og:description\" content=\"AGBAllgemeine Gesch\u00e4ftsbedingungen1. GeltungsbereichDiese Allgemeinen Gesch\u00e4ftsbedingungen (AGB) gelten f\u00fcr alle Vertr\u00e4ge zwischen Celina B\u00e5dstangen (nachfolgend \u201eAnbieterin\u201c) und den Kundinnen und Kunden (nachfolgend \u201eKunde\u201c), die \u00fcber den Online-Shop der Anbieterin Dienstleistungen im [&hellip;]\" \/>\n<meta property=\"og:url\" content=\"https:\/\/www.celinabodstangen.com\/en\/agb\/\" \/>\n<meta property=\"og:site_name\" content=\"Celina Bodstangen Dressage\" \/>\n<meta property=\"article:modified_time\" content=\"2024-12-21T12:04:34+00:00\" \/>\n<meta name=\"twitter:card\" content=\"summary_large_image\" \/>\n<script type=\"application\/ld+json\" class=\"yoast-schema-graph\">{\"@context\":\"https:\/\/schema.org\",\"@graph\":[{\"@type\":\"WebPage\",\"@id\":\"https:\/\/www.celinabodstangen.com\/agb\/\",\"url\":\"https:\/\/www.celinabodstangen.com\/agb\/\",\"name\":\"AGB - Celina Bodstangen Dressage\",\"isPartOf\":{\"@id\":\"https:\/\/www.celinabodstangen.com\/#website\"},\"datePublished\":\"2024-12-16T14:55:09+00:00\",\"dateModified\":\"2024-12-21T12:04:34+00:00\",\"breadcrumb\":{\"@id\":\"https:\/\/www.celinabodstangen.com\/agb\/#breadcrumb\"},\"inLanguage\":\"en-US\",\"potentialAction\":[{\"@type\":\"ReadAction\",\"target\":[\"https:\/\/www.celinabodstangen.com\/agb\/\"]}]},{\"@type\":\"BreadcrumbList\",\"@id\":\"https:\/\/www.celinabodstangen.com\/agb\/#breadcrumb\",\"itemListElement\":[{\"@type\":\"ListItem\",\"position\":1,\"name\":\"Startseite\",\"item\":\"https:\/\/www.celinabodstangen.com\/\"},{\"@type\":\"ListItem\",\"position\":2,\"name\":\"AGB\"}]},{\"@type\":\"WebSite\",\"@id\":\"https:\/\/www.celinabodstangen.com\/#website\",\"url\":\"https:\/\/www.celinabodstangen.com\/\",\"name\":\"Celina Bodstangen Dressage\",\"description\":\"Dressurreiterin: Beritt, Reitunterricht (online &amp; vor Ort) bei M\u00fcnchen\",\"publisher\":{\"@id\":\"https:\/\/www.celinabodstangen.com\/#\/schema\/person\/dbcdafaec2215a51004b995c233cf3fe\"},\"potentialAction\":[{\"@type\":\"SearchAction\",\"target\":{\"@type\":\"EntryPoint\",\"urlTemplate\":\"https:\/\/www.celinabodstangen.com\/?s={search_term_string}\"},\"query-input\":{\"@type\":\"PropertyValueSpecification\",\"valueRequired\":true,\"valueName\":\"search_term_string\"}}],\"inLanguage\":\"en-US\"},{\"@type\":[\"Person\",\"Organization\"],\"@id\":\"https:\/\/www.celinabodstangen.com\/#\/schema\/person\/dbcdafaec2215a51004b995c233cf3fe\",\"name\":\"Celina B\u00e5dstangen\",\"image\":{\"@type\":\"ImageObject\",\"inLanguage\":\"en-US\",\"@id\":\"https:\/\/www.celinabodstangen.com\/#\/schema\/person\/image\/\",\"url\":\"https:\/\/www.celinabodstangen.com\/wp-content\/uploads\/2025\/01\/CB-Dressage_Logo-V1_DARKBLUE.png\",\"contentUrl\":\"https:\/\/www.celinabodstangen.com\/wp-content\/uploads\/2025\/01\/CB-Dressage_Logo-V1_DARKBLUE.png\",\"width\":1705,\"height\":1705,\"caption\":\"Celina B\u00e5dstangen\"},\"logo\":{\"@id\":\"https:\/\/www.celinabodstangen.com\/#\/schema\/person\/image\/\"},\"description\":\"Celina B\u00e5dstangen is a dressage rider, trainer, breeder and is based in Munich, Germany. The Norwegian and German rider has already achieved several international victories up to the Grand Prix level, participated in two European Championships, and earned an 11th place in the freestyle final of the U25 European Championships in 2024. From 2021 to 2024 Celina was trained by Olympic champion Jessica von Bredow-Werndl and World Championship Rider Benjamin Werndl. In addition, she has supported Aubenhausen and Gest\u00fct Grafing as an independent rider and since 2021 she has accompanied several students up to the advanced level and in the training of their horses up to young horse World Championship sightings.\",\"sameAs\":[\"https:\/\/www.celinabodstangen.com\",\"https:\/\/www.instagram.com\/celinabodstangen\/\"]}]}<\/script>\n<!-- \/ Yoast SEO plugin. -->","yoast_head_json":{"title":"AGB - Celina Bodstangen Dressage","robots":{"index":"index","follow":"follow","max-snippet":"max-snippet:-1","max-image-preview":"max-image-preview:large","max-video-preview":"max-video-preview:-1"},"canonical":"https:\/\/www.celinabodstangen.com\/en\/agb\/","og_locale":"en_US","og_type":"article","og_title":"AGB - Celina Bodstangen Dressage","og_description":"AGBAllgemeine Gesch\u00e4ftsbedingungen1. GeltungsbereichDiese Allgemeinen Gesch\u00e4ftsbedingungen (AGB) gelten f\u00fcr alle Vertr\u00e4ge zwischen Celina B\u00e5dstangen (nachfolgend \u201eAnbieterin\u201c) und den Kundinnen und Kunden (nachfolgend \u201eKunde\u201c), die \u00fcber den Online-Shop der Anbieterin Dienstleistungen im [&hellip;]","og_url":"https:\/\/www.celinabodstangen.com\/en\/agb\/","og_site_name":"Celina Bodstangen Dressage","article_modified_time":"2024-12-21T12:04:34+00:00","twitter_card":"summary_large_image","schema":{"@context":"https:\/\/schema.org","@graph":[{"@type":"WebPage","@id":"https:\/\/www.celinabodstangen.com\/agb\/","url":"https:\/\/www.celinabodstangen.com\/agb\/","name":"AGB - Celina Bodstangen Dressage","isPartOf":{"@id":"https:\/\/www.celinabodstangen.com\/#website"},"datePublished":"2024-12-16T14:55:09+00:00","dateModified":"2024-12-21T12:04:34+00:00","breadcrumb":{"@id":"https:\/\/www.celinabodstangen.com\/agb\/#breadcrumb"},"inLanguage":"en-US","potentialAction":[{"@type":"ReadAction","target":["https:\/\/www.celinabodstangen.com\/agb\/"]}]},{"@type":"BreadcrumbList","@id":"https:\/\/www.celinabodstangen.com\/agb\/#breadcrumb","itemListElement":[{"@type":"ListItem","position":1,"name":"Startseite","item":"https:\/\/www.celinabodstangen.com\/"},{"@type":"ListItem","position":2,"name":"AGB"}]},{"@type":"WebSite","@id":"https:\/\/www.celinabodstangen.com\/#website","url":"https:\/\/www.celinabodstangen.com\/","name":"Celina Bodstangen Dressage","description":"Dressurreiterin: Beritt, Reitunterricht (online &amp; vor Ort) bei M\u00fcnchen","publisher":{"@id":"https:\/\/www.celinabodstangen.com\/#\/schema\/person\/dbcdafaec2215a51004b995c233cf3fe"},"potentialAction":[{"@type":"SearchAction","target":{"@type":"EntryPoint","urlTemplate":"https:\/\/www.celinabodstangen.com\/?s={search_term_string}"},"query-input":{"@type":"PropertyValueSpecification","valueRequired":true,"valueName":"search_term_string"}}],"inLanguage":"en-US"},{"@type":["Person","Organization"],"@id":"https:\/\/www.celinabodstangen.com\/#\/schema\/person\/dbcdafaec2215a51004b995c233cf3fe","name":"Celina B\u00e5dstangen","image":{"@type":"ImageObject","inLanguage":"en-US","@id":"https:\/\/www.celinabodstangen.com\/#\/schema\/person\/image\/","url":"https:\/\/www.celinabodstangen.com\/wp-content\/uploads\/2025\/01\/CB-Dressage_Logo-V1_DARKBLUE.png","contentUrl":"https:\/\/www.celinabodstangen.com\/wp-content\/uploads\/2025\/01\/CB-Dressage_Logo-V1_DARKBLUE.png","width":1705,"height":1705,"caption":"Celina B\u00e5dstangen"},"logo":{"@id":"https:\/\/www.celinabodstangen.com\/#\/schema\/person\/image\/"},"description":"Celina B\u00e5dstangen is a dressage rider, trainer, breeder and is based in Munich, Germany. The Norwegian and German rider has already achieved several international victories up to the Grand Prix level, participated in two European Championships, and earned an 11th place in the freestyle final of the U25 European Championships in 2024. From 2021 to 2024 Celina was trained by Olympic champion Jessica von Bredow-Werndl and World Championship Rider Benjamin Werndl. In addition, she has supported Aubenhausen and Gest\u00fct Grafing as an independent rider and since 2021 she has accompanied several students up to the advanced level and in the training of their horses up to young horse World Championship sightings.","sameAs":["https:\/\/www.celinabodstangen.com","https:\/\/www.instagram.com\/celinabodstangen\/"]}]}},"ticketed":false,"_links":{"self":[{"href":"https:\/\/www.celinabodstangen.com\/en\/wp-json\/wp\/v2\/pages\/7334","targetHints":{"allow":["GET"]}}],"collection":[{"href":"https:\/\/www.celinabodstangen.com\/en\/wp-json\/wp\/v2\/pages"}],"about":[{"href":"https:\/\/www.celinabodstangen.com\/en\/wp-json\/wp\/v2\/types\/page"}],"author":[{"embeddable":true,"href":"https:\/\/www.celinabodstangen.com\/en\/wp-json\/wp\/v2\/users\/1"}],"replies":[{"embeddable":true,"href":"https:\/\/www.celinabodstangen.com\/en\/wp-json\/wp\/v2\/comments?post=7334"}],"version-history":[{"count":7,"href":"https:\/\/www.celinabodstangen.com\/en\/wp-json\/wp\/v2\/pages\/7334\/revisions"}],"predecessor-version":[{"id":7561,"href":"https:\/\/www.celinabodstangen.com\/en\/wp-json\/wp\/v2\/pages\/7334\/revisions\/7561"}],"wp:attachment":[{"href":"https:\/\/www.celinabodstangen.com\/en\/wp-json\/wp\/v2\/media?parent=7334"}],"curies":[{"name":"wp","href":"https:\/\/api.w.org\/{rel}","templated":true}]}}